{"id":10885,"date":"2022-03-27T09:46:27","date_gmt":"2022-03-27T09:46:27","guid":{"rendered":"https:\/\/www.gurubook.de\/?page_id=10885"},"modified":"2025-12-14T14:46:17","modified_gmt":"2025-12-14T14:46:17","slug":"impressum","status":"publish","type":"page","link":"https:\/\/www.gurubook.de\/en\/impressum\/","title":{"rendered":"Impressum"},"content":{"rendered":"\t\t<div data-elementor-type=\"wp-page\" data-elementor-id=\"10885\" class=\"elementor elementor-10885\" data-elementor-post-type=\"page\">\n\t\t\t\t\t\t<section class=\"elementor-section elementor-top-section elementor-element elementor-element-aff1068 elementor-section-boxed elementor-section-height-default elementor-section-height-default\" data-id=\"aff1068\" data-element_type=\"section\" data-e-type=\"section\">\n\t\t\t\t\t\t<div class=\"elementor-container elementor-column-gap-default\">\n\t\t\t\t\t<div class=\"elementor-column elementor-col-100 elementor-top-column elementor-element elementor-element-5923c779\" data-id=\"5923c779\" data-element_type=\"column\" data-e-type=\"column\">\n\t\t\t<div class=\"elementor-widget-wrap elementor-element-populated\">\n\t\t\t\t\t\t<div class=\"elementor-element elementor-element-596aebd0 elementor-widget elementor-widget-text-editor\" data-id=\"596aebd0\" data-element_type=\"widget\" data-e-type=\"widget\" data-widget_type=\"text-editor.default\">\n\t\t\t\t<div class=\"elementor-widget-container\">\n\t\t\t\t\t\t\t\t\t<p style=\"text-align: left;\"><em>gem\u00e4\u00df \u00a7 5 TMG und \u00a7 18 Abs. 2 MStV<\/em><\/p><p><strong>Anbieter \/ Diensteanbieter<\/strong><\/p><p><strong>George Sood<\/strong><br \/>Fahrschule Mentor<br \/>Kurf\u00fcrstenplatz 34<br \/>60486 Frankfurt am Main<br \/>Deutschland<\/p><p><strong>Telefon:<\/strong> +49 69 77069770<br \/><strong>E-Mail:<\/strong> <a href=\"mailto:info@gurubook.de\">info@gurubook.de<\/a><br \/><strong>Web:<\/strong> <a href=\"https:\/\/www.gurubook.de\/\">https:\/\/www.gurubook.de<\/a><\/p><p><strong>Unternehmensform<\/strong><\/p><p>Einzelunternehmen (Inhaber: George Sood)<br \/>Gewerberegistrierung bei der Stadt Frankfurt am Main.<\/p><p><strong>Umsatzsteuer-Identifikationsnummer gem\u00e4\u00df \u00a7 27a UStG<\/strong><\/p><p><strong>USt-ID:<\/strong> <strong>DE412466548<\/strong><\/p><p><strong>Verantwortlich f\u00fcr den Inhalt (\u00a7 18 Abs. 2 MStV)<\/strong><\/p><p><strong>George Sood<\/strong><br \/>Kurf\u00fcrstenplatz 34<br \/>60486 Frankfurt am Main<br \/>Deutschland<\/p><p><strong>T\u00e4tigkeitsbeschreibung<\/strong><\/p><p>Betreiber der digitalen Lernplattform \u201eGurubook\u201c zur Vorbereitung auf Fahrerlaubnispr\u00fcfungen sowie berufliche Weiterbildungen (BKF) und Anbieter zugeh\u00f6riger Online-Dienstleistungen.<\/p><p><strong>Haftung f\u00fcr Inhalte<\/strong><\/p><p>Als Diensteanbieter sind wir gem\u00e4\u00df \u00a7 7 Abs. 1 TMG f\u00fcr eigene Inhalte nach den allgemeinen Gesetzen verantwortlich.<br \/>Nach \u00a7\u00a7 8 bis 10 TMG sind wir nicht verpflichtet, \u00fcbermittelte oder gespeicherte fremde Informationen dauerhaft zu \u00fcberwachen.<br \/>Bei Bekanntwerden rechtswidriger Inhalte entfernen wir diese umgehend.<\/p><p><strong>Haftung f\u00fcr externe Links<\/strong><\/p><p>Unser Angebot enth\u00e4lt Links zu externen Webseiten.<br \/>F\u00fcr Inhalte verlinkter Seiten sind ausschlie\u00dflich deren Betreiber verantwortlich.<br \/>Bei Bekanntwerden von Rechtsverst\u00f6\u00dfen werden entsprechende Links unverz\u00fcglich entfernt.<\/p><p><strong>Urheberrecht<\/strong><\/p><p>Alle Inhalte dieser Website (Texte, Grafiken, Bilder, Videos, App-Screenshots, Logos) sind urheberrechtlich gesch\u00fctzt.<br \/>Eine Verwendung, Bearbeitung, Vervielf\u00e4ltigung oder Weitergabe ist ohne ausdr\u00fcckliche schriftliche Genehmigung nicht gestattet.<\/p><p><strong>Bildnachweise<\/strong><\/p><p>Ein Teil der auf dieser Website verwendeten Bilder, Vektoren und Illustrationen stammt von Freepik, Rawpixel, Lookstudio, Stories und Studiogstock.<br \/>Die vollst\u00e4ndigen Lizenzhinweise finden Sie unter:<\/p><p><a href=\"http:\/\/www.gurubook.de\/bildquellen\">www.gurubook.de\/bildquellen<\/a><\/p><p>Amtliche deutsche Verkehrszeichen sind urheberrechtsfrei gem\u00e4\u00df \u00a7 5 UrhG.<\/p><p><strong>\u00a0<\/strong><\/p><p><strong>Online-Streitbeilegung gem\u00e4\u00df Art. 14 ODR-Verordnung<\/strong><\/p><p>Die Europ\u00e4ische Kommission stellt eine Plattform zur Online-Streitbeilegung (OS) bereit:<br \/><a href=\"https:\/\/ec.europa.eu\/consumers\/odr\">https:\/\/ec.europa.eu\/consumers\/odr<\/a><\/p><p>Wir sind weder verpflichtet noch bereit, an einem Streitbeilegungsverfahren vor einer Verbraucherschlichtungsstelle teilzunehmen.<\/p><p><strong>Datenschutz<\/strong><\/p><p>Unsere Datenschutzerkl\u00e4rung finden Sie unter:<br \/><a href=\"https:\/\/www.gurubook.de\/datenschutz\">https:\/\/www.gurubook.de\/datenschutz<\/a><\/p>\t\t\t\t\t\t\t\t<\/div>\n\t\t\t\t<\/div>\n\t\t\t\t\t<\/div>\n\t\t<\/div>\n\t\t\t\t\t<\/div>\n\t\t<\/section>\n\t\t\t\t<\/div>\n\t\t","protected":false},"excerpt":{"rendered":"<p>gem\u00e4\u00df \u00a7 5 TMG und \u00a7 18 Abs. 2 MStV Anbieter \/ Diensteanbieter George SoodFahrschule MentorKurf\u00fcrstenplatz 3460486 Frankfurt am MainDeutschland Telefon: +49 69 77069770E-Mail: info@gurubook.deWeb: https:\/\/www.gurubook.de Unternehmensform Einzelunternehmen (Inhaber: George Sood)Gewerberegistrierung bei der Stadt Frankfurt am Main. Umsatzsteuer-Identifikationsnummer gem\u00e4\u00df \u00a7 27a UStG USt-ID: DE412466548 Verantwortlich f\u00fcr den Inhalt (\u00a7 18 Abs. 2 MStV) George SoodKurf\u00fcrstenplatz [&hellip;]<\/p>\n","protected":false},"author":1,"featured_media":0,"parent":0,"menu_order":0,"comment_status":"closed","ping_status":"closed","template":"","meta":{"footnotes":""},"class_list":["post-10885","page","type-page","status-publish","hentry"],"_links":{"self":[{"href":"https:\/\/www.gurubook.de\/en\/wp-json\/wp\/v2\/pages\/10885","targetHints":{"allow":["GET"]}}],"collection":[{"href":"https:\/\/www.gurubook.de\/en\/wp-json\/wp\/v2\/pages"}],"about":[{"href":"https:\/\/www.gurubook.de\/en\/wp-json\/wp\/v2\/types\/page"}],"author":[{"embeddable":true,"href":"https:\/\/www.gurubook.de\/en\/wp-json\/wp\/v2\/users\/1"}],"replies":[{"embeddable":true,"href":"https:\/\/www.gurubook.de\/en\/wp-json\/wp\/v2\/comments?post=10885"}],"version-history":[{"count":20,"href":"https:\/\/www.gurubook.de\/en\/wp-json\/wp\/v2\/pages\/10885\/revisions"}],"predecessor-version":[{"id":19396,"href":"https:\/\/www.gurubook.de\/en\/wp-json\/wp\/v2\/pages\/10885\/revisions\/19396"}],"wp:attachment":[{"href":"https:\/\/www.gurubook.de\/en\/wp-json\/wp\/v2\/media?parent=10885"}],"curies":[{"name":"wp","href":"https:\/\/api.w.org\/{rel}","templated":true}]}}